{"id":13222,"date":"2020-03-16T12:17:19","date_gmt":"2020-03-16T12:17:19","guid":{"rendered":"http:\/\/www.investmentland.com\/terrains-disponibles\/"},"modified":"2020-04-01T16:35:28","modified_gmt":"2020-04-01T16:35:28","slug":"terrains-disponibles","status":"publish","type":"page","link":"http:\/\/www.investmentland.com\/fr\/terrains-disponibles\/","title":{"rendered":"TERRAINS DISPONIBLES"},"content":{"rendered":"<p>[vc_row full_width=\u00a0\u00bbstretch_row\u00a0\u00bb][vc_column offset=\u00a0\u00bbvc_hidden-lg vc_hidden-md vc_hidden-sm vc_hidden-xs\u00a0\u00bb]<style type=\"text\/css\" data-type=\"the7_shortcodes-inline-css\">.portfolio-shortcode.portfolio-masonry-shortcode-id-367bc9ff06f4e9f3e3bb22c11ff48dd3.dividers-on.classic-layout-list article {\n  margin-top: ;\n  padding-top: 0;\n  border-color: ;\n}\n.portfolio-shortcode.portfolio-masonry-shortcode-id-367bc9ff06f4e9f3e3bb22c11ff48dd3.dividers-on.classic-layout-list article:first-of-type {\n  margin-top: 0;\n  padding-top: 0;\n}\n.portfolio-shortcode.portfolio-masonry-shortcode-id-367bc9ff06f4e9f3e3bb22c11ff48dd3.classic-layout-list.mode-list .post-thumbnail-wrap {\n  width: ;\n}\n.portfolio-shortcode.portfolio-masonry-shortcode-id-367bc9ff06f4e9f3e3bb22c11ff48dd3.classic-layout-list.mode-list .post-entry-content {\n  width: calc(100% - );\n}\n.portfolio-shortcode.portfolio-masonry-shortcode-id-367bc9ff06f4e9f3e3bb22c11ff48dd3.classic-layout-list.mode-list .no-img .post-entry-content {\n  width: 100%;\n}\n.portfolio-shortcode.portfolio-masonry-shortcode-id-367bc9ff06f4e9f3e3bb22c11ff48dd3 .filter-bg-decoration .filter-categories a.act {\n  color: #fff;\n}\n.portfolio-shortcode.portfolio-masonry-shortcode-id-367bc9ff06f4e9f3e3bb22c11ff48dd3:not(.mode-masonry) article {\n  margin-top: ;\n}\n.portfolio-shortcode.portfolio-masonry-shortcode-id-367bc9ff06f4e9f3e3bb22c11ff48dd3:not(.mode-masonry) article:first-of-type,\n.portfolio-shortcode.portfolio-masonry-shortcode-id-367bc9ff06f4e9f3e3bb22c11ff48dd3:not(.mode-masonry) article.visible.first {\n  margin-top: 0;\n}\n.portfolio-shortcode.portfolio-masonry-shortcode-id-367bc9ff06f4e9f3e3bb22c11ff48dd3.dividers-on:not(.mode-masonry) article {\n  margin-top: 0;\n  padding-top: ;\n}\n.portfolio-shortcode.portfolio-masonry-shortcode-id-367bc9ff06f4e9f3e3bb22c11ff48dd3.dividers-on:not(.mode-masonry) article:first-of-type,\n.portfolio-shortcode.portfolio-masonry-shortcode-id-367bc9ff06f4e9f3e3bb22c11ff48dd3.dividers-on:not(.mode-masonry) article.visible.first {\n  margin-top: 0;\n  padding-top: 0;\n}\n.portfolio-shortcode.portfolio-masonry-shortcode-id-367bc9ff06f4e9f3e3bb22c11ff48dd3.hover-scale article:after {\n  background: ;\n  background: -webkit-linear-gradient();\n  background: linear-gradient();\n}\n.portfolio-shortcode.portfolio-masonry-shortcode-id-367bc9ff06f4e9f3e3bb22c11ff48dd3.gradient-overlay-layout-list article {\n  border-radius: 0px;\n}\n.portfolio-shortcode.portfolio-masonry-shortcode-id-367bc9ff06f4e9f3e3bb22c11ff48dd3 .post-thumbnail-wrap {\n  padding: 20px 20px 20px 20px;\n  border-radius: 0px;\n}\n.portfolio-shortcode.portfolio-masonry-shortcode-id-367bc9ff06f4e9f3e3bb22c11ff48dd3 .post-thumbnail-wrap *,\n.portfolio-shortcode.portfolio-masonry-shortcode-id-367bc9ff06f4e9f3e3bb22c11ff48dd3 .post-thumbnail-rollover:after {\n  border-radius: 0px;\n}\n.portfolio-shortcode.portfolio-masonry-shortcode-id-367bc9ff06f4e9f3e3bb22c11ff48dd3.enable-bg-rollover .post-thumbnail-rollover:after {\n  background: ;\n  background: -webkit-linear-gradient();\n  background: linear-gradient();\n}\n.portfolio-shortcode.portfolio-masonry-shortcode-id-367bc9ff06f4e9f3e3bb22c11ff48dd3:not(.gradient-overlay-layout-list) .post-thumbnail {\n  box-shadow: 0px 4px 12px 3px rgba(0,0,0,0.25);\n}\n.portfolio-shortcode.portfolio-masonry-shortcode-id-367bc9ff06f4e9f3e3bb22c11ff48dd3.gradient-overlay-layout-list article {\n  box-shadow: 0px 4px 12px 3px rgba(0,0,0,0.25);\n}\n.portfolio-shortcode.portfolio-masonry-shortcode-id-367bc9ff06f4e9f3e3bb22c11ff48dd3:not(.gradient-overlay-layout-list) .post-thumbnail {\n  box-shadow: 0px 4px 12px 3px rgba(0,0,0,0.25);\n}\n.portfolio-shortcode.portfolio-masonry-shortcode-id-367bc9ff06f4e9f3e3bb22c11ff48dd3.gradient-overlay-layout-list article {\n  box-shadow: 0px 4px 12px 3px rgba(0,0,0,0.25);\n}\n.bottom-overlap-layout-list.portfolio-shortcode.portfolio-masonry-shortcode-id-367bc9ff06f4e9f3e3bb22c11ff48dd3 .project-links-container {\n  height: calc(100% - 100px);\n}\n.portfolio-shortcode.portfolio-masonry-shortcode-id-367bc9ff06f4e9f3e3bb22c11ff48dd3 .project-links-container a {\n  width: 44px;\n  height: 44px;\n  line-height: 44px;\n  border-radius: 100px;\n  margin: 10px 5px 10px;\n}\n.content-rollover-layout-list:not(.content-align-center).portfolio-shortcode.portfolio-masonry-shortcode-id-367bc9ff06f4e9f3e3bb22c11ff48dd3 .project-links-container a,\n.gradient-overlay-layout-list:not(.content-align-center).portfolio-shortcode.portfolio-masonry-shortcode-id-367bc9ff06f4e9f3e3bb22c11ff48dd3 .project-links-container a {\n  margin: 10px 10px 10px 0;\n}\n.dt-icon-border-on.portfolio-shortcode.portfolio-masonry-shortcode-id-367bc9ff06f4e9f3e3bb22c11ff48dd3 .project-links-container a:before {\n  border-width: 0px;\n  border-style: solid;\n}\n.dt-icon-hover-border-on.portfolio-shortcode.portfolio-masonry-shortcode-id-367bc9ff06f4e9f3e3bb22c11ff48dd3 .project-links-container a:after {\n  border-width: 0px;\n  border-style: solid;\n}\n.dt-icon-bg-on.portfolio-shortcode.portfolio-masonry-shortcode-id-367bc9ff06f4e9f3e3bb22c11ff48dd3 .project-links-container a:before {\n  background: rgba(255,255,255,0.3);\n  -webkit-box-shadow: none;\n  box-shadow: none;\n}\n.dt-icon-hover-bg-on.portfolio-shortcode.portfolio-masonry-shortcode-id-367bc9ff06f4e9f3e3bb22c11ff48dd3 .project-links-container a:after {\n  background: rgba(255,255,255,0.5);\n  -webkit-box-shadow: none;\n  box-shadow: none;\n}\n.portfolio-shortcode.portfolio-masonry-shortcode-id-367bc9ff06f4e9f3e3bb22c11ff48dd3 .project-links-container a > span:before {\n  font-size: 16px;\n  line-height: 44px;\n}\n.portfolio-shortcode.portfolio-masonry-shortcode-id-367bc9ff06f4e9f3e3bb22c11ff48dd3 .project-links-container a:not(:hover) > span {\n  color: #ffffff;\n}\n.dt-icon-hover-off.portfolio-shortcode.portfolio-masonry-shortcode-id-367bc9ff06f4e9f3e3bb22c11ff48dd3 .project-links-container a > span,\n.dt-icon-hover-off.portfolio-shortcode.portfolio-masonry-shortcode-id-367bc9ff06f4e9f3e3bb22c11ff48dd3 .project-links-container a:hover > span {\n  color: #ffffff;\n}\n.dt-icon-hover-on.portfolio-shortcode.portfolio-masonry-shortcode-id-367bc9ff06f4e9f3e3bb22c11ff48dd3 .project-links-container a:hover > span {\n  color: #ffffff;\n}\n.portfolio-shortcode.portfolio-masonry-shortcode-id-367bc9ff06f4e9f3e3bb22c11ff48dd3 .entry-title,\n.portfolio-shortcode.portfolio-masonry-shortcode-id-367bc9ff06f4e9f3e3bb22c11ff48dd3.owl-carousel .entry-title {\n  margin-bottom: 5px;\n  font-weight: bold;\n}\n.portfolio-shortcode.portfolio-masonry-shortcode-id-367bc9ff06f4e9f3e3bb22c11ff48dd3 .entry-meta {\n  margin-bottom: 15px;\n}\n.portfolio-shortcode.portfolio-masonry-shortcode-id-367bc9ff06f4e9f3e3bb22c11ff48dd3 .portfolio-categories {\n  margin-bottom: 15px;\n}\n.portfolio-shortcode.portfolio-masonry-shortcode-id-367bc9ff06f4e9f3e3bb22c11ff48dd3 .entry-excerpt {\n  margin-bottom: 5px;\n}\n.portfolio-shortcode.portfolio-masonry-shortcode-id-367bc9ff06f4e9f3e3bb22c11ff48dd3:not(.centered-layout-list) .post-entry-content {\n  padding: 25px 30px 30px 30px;\n}\n.portfolio-shortcode.portfolio-masonry-shortcode-id-367bc9ff06f4e9f3e3bb22c11ff48dd3:not(.centered-layout-list):not(.content-bg-on):not(.mode-list) .no-img .post-entry-content {\n  padding: 0;\n}\n.portfolio-shortcode.portfolio-masonry-shortcode-id-367bc9ff06f4e9f3e3bb22c11ff48dd3.gradient-overlay-layout-list .post-entry-content {\n  border-radius: 0px;\n}\n@media screen and (max-width: ) {\n  .portfolio-shortcode.portfolio-masonry-shortcode-id-367bc9ff06f4e9f3e3bb22c11ff48dd3 article {\n    -webkit-flex-flow: column nowrap;\n    -moz-flex-flow: column nowrap;\n    -ms-flex-flow: column nowrap;\n    flex-flow: column nowrap;\n    margin-top: 20px;\n  }\n  .portfolio-shortcode.portfolio-masonry-shortcode-id-367bc9ff06f4e9f3e3bb22c11ff48dd3.dividers-on article {\n    border: none;\n  }\n  .portfolio-shortcode.portfolio-masonry-shortcode-id-367bc9ff06f4e9f3e3bb22c11ff48dd3.content-bg-on.centered-layout-list article {\n    padding: 0;\n  }\n  #page .portfolio-shortcode.portfolio-masonry-shortcode-id-367bc9ff06f4e9f3e3bb22c11ff48dd3 .post-thumbnail-wrap,\n  #page .portfolio-shortcode.portfolio-masonry-shortcode-id-367bc9ff06f4e9f3e3bb22c11ff48dd3 .post-entry-content {\n    width: 100%;\n    margin: 0;\n    top: 0;\n  }\n  #page .portfolio-shortcode.portfolio-masonry-shortcode-id-367bc9ff06f4e9f3e3bb22c11ff48dd3 .post-thumbnail-wrap {\n    padding: 0;\n  }\n  #page .portfolio-shortcode.portfolio-masonry-shortcode-id-367bc9ff06f4e9f3e3bb22c11ff48dd3 .post-entry-content:after {\n    display: none;\n  }\n  #page .portfolio-shortcode.portfolio-masonry-shortcode-id-367bc9ff06f4e9f3e3bb22c11ff48dd3 .project-even .post-thumbnail-wrap,\n  #page .portfolio-shortcode.portfolio-masonry-shortcode-id-367bc9ff06f4e9f3e3bb22c11ff48dd3.centered-layout-list .post-thumbnail-wrap {\n    -webkit-order: 0;\n    -moz-order: 0;\n    -ms-flex-order: 0;\n    order: 0;\n  }\n  #page .portfolio-shortcode.portfolio-masonry-shortcode-id-367bc9ff06f4e9f3e3bb22c11ff48dd3.centered-layout-list .post-entry-title-content {\n    -webkit-order: 1;\n    -moz-order: 1;\n    -ms-flex-order: 1;\n    order: 1;\n    width: 100%;\n    padding: 20px 20px 0;\n  }\n  #page .portfolio-shortcode.portfolio-masonry-shortcode-id-367bc9ff06f4e9f3e3bb22c11ff48dd3.centered-layout-list .post-entry-content {\n    -webkit-order: 2;\n    -moz-order: 2;\n    -ms-flex-order: 2;\n    order: 2;\n    padding-top: 0;\n  }\n  #page .portfolio-shortcode.portfolio-masonry-shortcode-id-367bc9ff06f4e9f3e3bb22c11ff48dd3 .post-entry-content {\n    padding: 20px;\n  }\n  #page .portfolio-shortcode.portfolio-masonry-shortcode-id-367bc9ff06f4e9f3e3bb22c11ff48dd3 .entry-title {\n    margin: 3px 0 5px;\n    font-size: 20px;\n    line-height: 26px;\n  }\n  #page .portfolio-shortcode.portfolio-masonry-shortcode-id-367bc9ff06f4e9f3e3bb22c11ff48dd3 .entry-meta {\n    margin: 5px 0 5px;\n  }\n  #page .portfolio-shortcode.portfolio-masonry-shortcode-id-367bc9ff06f4e9f3e3bb22c11ff48dd3 .entry-excerpt {\n    margin: 15px 0 0;\n  }\n  #page .portfolio-shortcode.portfolio-masonry-shortcode-id-367bc9ff06f4e9f3e3bb22c11ff48dd3 .post-details {\n    margin: 5px 0 10px;\n  }\n  #page .portfolio-shortcode.portfolio-masonry-shortcode-id-367bc9ff06f4e9f3e3bb22c11ff48dd3 .post-details.details-type-link {\n    margin-bottom: 2px;\n  }\n}\n<\/style><div class=\"portfolio-shortcode portfolio-masonry-shortcode-id-367bc9ff06f4e9f3e3bb22c11ff48dd3 mode-masonry classic-layout-list content-bg-on jquery-filter content-align-center dt-icon-bg-on dt-icon-border-on dt-icon-hover-on dt-icon-hover-border-on dt-icon-hover-bg-on quick-scale-img enable-bg-rollover enable-img-shadow resize-by-browser-width  loading-effect-none description-under-image \" data-padding=\"15px\" data-cur-page=\"1\" data-post-limit=\"10\" data-pagination-mode=\"load-more\" data-desktop-columns-num=\"4\" data-v-tablet-columns-num=\"2\" data-h-tablet-columns-num=\"3\" data-phone-columns-num=\"1\" data-width=\"0px\" data-columns=\"0\"><div class=\"iso-container\" ><div class=\"visible wf-cell iso-item\" data-post-id=\"13229\" data-date=\"2020-03-16T14:41:00+00:00\" data-name=\"Wilstead, Bedfordshire\"><article class=\"post visible post-13229 dt_portfolio type-dt_portfolio status-publish has-post-thumbnail hentry dt_portfolio_category-featured dt_portfolio_category-36\" data-name=\"Wilstead, Bedfordshire\" data-date=\"2020-03-16T14:41:00+00:00\">\n\n<div class=\"post-thumbnail-wrap  \">\n\t<div class=\"post-thumbnail\">\n\n\t\t<a href=\"http:\/\/www.investmentland.com\/fr\/project\/wilstead-bedfordshire\/\" class=\"post-thumbnail-rollover layzr-bg\" target=\"\"  aria-label=\"Post image\"><img class=\"iso-lazy-load preload-me iso-lazy-load\" src=\"data:image\/svg+xml,%3Csvg%20xmlns%3D&#39;http%3A%2F%2Fwww.w3.org%2F2000%2Fsvg&#39;%20viewBox%3D&#39;0%200%20768%20768&#39;%2F%3E\" data-src=\"http:\/\/www.investmentland.com\/wp-content\/uploads\/2018\/11\/Wilsted-768x768.png\" data-srcset=\"http:\/\/www.investmentland.com\/wp-content\/uploads\/2018\/11\/Wilsted-768x768.png 768w, http:\/\/www.investmentland.com\/wp-content\/uploads\/2018\/11\/Wilsted-924x924.png 924w\" alt=\"\" title=\"Wilsted\" width=\"768\" height=\"768\"  \/><\/a><div class=\"project-links-container\"><a href=\"http:\/\/www.investmentland.com\/wp-content\/uploads\/2018\/11\/Wilsted.png\" class=\"project-zoom dt-pswp-item dt-single-pswp-popup\" title=\"Wilsted\" data-dt-img-description=\"\" data-large_image_width=\"1557\" data-large_image_height=\"924\" aria-label=\"Portfolio zoom icon\"><span class=\"icon-portfolio-p203\"><\/span><\/a><a href=\" http:\/\/www.investmentland.com\/fr\/project\/wilstead-bedfordshire\/\" target=\"\" class=\"project-details\" aria-label=\"Details link\"><span class=\"icon-portfolio-p205\"><\/span><\/a><\/div>\n\t<\/div>\n<\/div>\n\n\n<div class=\"post-entry-content\">\n\n\t<h3 class=\"entry-title\">\n\t\t<a href=\"http:\/\/www.investmentland.com\/fr\/project\/wilstead-bedfordshire\/\" target=\"\" title=\"Wilstead, Bedfordshire\" rel=\"bookmark\">Wilstead, Bedfordshire<\/a>\n\t<\/h3>\n\n\t<div class=\"entry-meta portfolio-categories\"><span class=\"category-link\"><a href=\"http:\/\/www.investmentland.com\/fr\/project-category\/featured\/\" >featured<\/a><\/span><a class=\"author vcard\" href=\"http:\/\/www.investmentland.com\/fr\/author\/xanda\/\" title=\"Voir tous les articles par xanda\" rel=\"author\">Par <span class=\"fn\">xanda<\/span><\/a><a href=\"javascript:void(0);\" title=\"2:41  \" class=\"data-link\" rel=\"bookmark\"><time class=\"entry-date updated\" datetime=\"2020-03-16T14:41:00+00:00\">mars 16, 2020<\/time><\/a><\/div>\n\t<div class=\"entry-excerpt\"><p>[vc_row][vc_column][vc_single_image image=\u00a0\u00bb12987&Prime; img_size=\u00a0\u00bbfull\u00a0\u00bb][\/vc_column][\/vc_row][vc_row css=\u00a0\u00bb.vc_custom_1580491090076{border-top-width: 1px !important;border-bottom-width: 1px !important;border-top-color: #ededed !important;border-top-style: solid !important;border-bottom-color: #ededed !important;border-bottom-style: solid !important;}\u00a0\u00bb][vc_column width=\u00a0\u00bb2\/3&Prime;][vc_column_text]Le terrain est situ\u00e9 dans un emplacement r\u00e9sidentiel de premier choix et est entour\u00e9 de projets de d\u00e9veloppement tout autour. Bedford entame une \u00e8re nouvelle et passionnante de renouvellement et de d\u00e9veloppement. Un \u00e9l\u00e9ment cl\u00e9 de cette p\u00e9riode est&hellip;<\/p>\n<\/div>\n\t<a class=\" post-details details-type-link \" href=\" http:\/\/www.investmentland.com\/fr\/project\/wilstead-bedfordshire\/ \" target=\"\">Read more<i class=\"dt-icon-the7-arrow-03\" aria-hidden=\"true\"><\/i><\/a>\n<\/div><\/article><\/div><div class=\"visible wf-cell iso-item\" data-post-id=\"13227\" data-date=\"2020-03-16T13:02:03+00:00\" data-name=\"Surrey - Leigh\"><article class=\"post visible post-13227 dt_portfolio type-dt_portfolio status-publish has-post-thumbnail hentry dt_portfolio_category-featured dt_portfolio_category-36\" data-name=\"Surrey &#8211; Leigh\" data-date=\"2020-03-16T13:02:03+00:00\">\n\n<div class=\"post-thumbnail-wrap  \">\n\t<div class=\"post-thumbnail\">\n\n\t\t<a href=\"http:\/\/www.investmentland.com\/fr\/project\/surrey-leigh\/\" class=\"post-thumbnail-rollover layzr-bg\" target=\"\"  aria-label=\"Post image\"><img class=\"iso-lazy-load preload-me iso-lazy-load\" src=\"data:image\/svg+xml,%3Csvg%20xmlns%3D&#39;http%3A%2F%2Fwww.w3.org%2F2000%2Fsvg&#39;%20viewBox%3D&#39;0%200%20768%20768&#39;%2F%3E\" data-src=\"http:\/\/www.investmentland.com\/wp-content\/uploads\/2018\/11\/Brochure-2-FINAL-Insided-768x768.jpg\" data-srcset=\"http:\/\/www.investmentland.com\/wp-content\/uploads\/2018\/11\/Brochure-2-FINAL-Insided-768x768.jpg 768w, http:\/\/www.investmentland.com\/wp-content\/uploads\/2018\/11\/Brochure-2-FINAL-Insided-1152x1152.jpg 1152w\" alt=\"\" title=\"Brochure 2 FINAL Insided\" width=\"768\" height=\"768\"  \/><\/a><div class=\"project-links-container\"><a href=\"http:\/\/www.investmentland.com\/wp-content\/uploads\/2018\/11\/Brochure-2-FINAL-Insided.jpg\" class=\"project-zoom dt-pswp-item dt-single-pswp-popup\" title=\"Brochure 2 FINAL Insided\" data-dt-img-description=\"\" data-large_image_width=\"5315\" data-large_image_height=\"3780\" aria-label=\"Portfolio zoom icon\"><span class=\"icon-portfolio-p203\"><\/span><\/a><a href=\" http:\/\/www.investmentland.com\/fr\/project\/surrey-leigh\/\" target=\"\" class=\"project-details\" aria-label=\"Details link\"><span class=\"icon-portfolio-p205\"><\/span><\/a><\/div>\n\t<\/div>\n<\/div>\n\n\n<div class=\"post-entry-content\">\n\n\t<h3 class=\"entry-title\">\n\t\t<a href=\"http:\/\/www.investmentland.com\/fr\/project\/surrey-leigh\/\" target=\"\" title=\"Surrey &#8211; Leigh\" rel=\"bookmark\">Surrey &#8211; Leigh<\/a>\n\t<\/h3>\n\n\t<div class=\"entry-meta portfolio-categories\"><span class=\"category-link\"><a href=\"http:\/\/www.investmentland.com\/fr\/project-category\/featured\/\" >featured<\/a><\/span><a class=\"author vcard\" href=\"http:\/\/www.investmentland.com\/fr\/author\/xanda\/\" title=\"Voir tous les articles par xanda\" rel=\"author\">Par <span class=\"fn\">xanda<\/span><\/a><a href=\"javascript:void(0);\" title=\"1:02  \" class=\"data-link\" rel=\"bookmark\"><time class=\"entry-date updated\" datetime=\"2020-03-16T13:02:03+00:00\">mars 16, 2020<\/time><\/a><\/div>\n\t<div class=\"entry-excerpt\"><p>[vc_row css=\u00a0\u00bb.vc_custom_1580491090076{border-top-width: 1px !important;border-bottom-width: 1px !important;border-top-color: #ededed !important;border-top-style: solid !important;border-bottom-color: #ededed !important;border-bottom-style: solid !important;}\u00a0\u00bb][vc_column width=\u00a0\u00bb2\/3&Prime;][vc_column_text]Situ\u00e9 dans le comt\u00e9 le plus chic et le plus prosp\u00e8re du Surrey, ce terrain est id\u00e9alement situ\u00e9 entre Reigate et Dorking, \u00e0 proximit\u00e9 d&rsquo;une zone bien d\u00e9velopp\u00e9e et tr\u00e8s convoit\u00e9e pr\u00e8s des villages de Brockham et Leigh. Il est situ\u00e9&hellip;<\/p>\n<\/div>\n\t<a class=\" post-details details-type-link \" href=\" http:\/\/www.investmentland.com\/fr\/project\/surrey-leigh\/ \" target=\"\">Read more<i class=\"dt-icon-the7-arrow-03\" aria-hidden=\"true\"><\/i><\/a>\n<\/div><\/article><\/div><div class=\"visible wf-cell iso-item\" data-post-id=\"13224\" data-date=\"2020-03-16T12:29:20+00:00\" data-name=\"Bedfordshire - Biggleswade\"><article class=\"post visible post-13224 dt_portfolio type-dt_portfolio status-publish has-post-thumbnail hentry dt_portfolio_category-featured dt_portfolio_category-36\" data-name=\"Bedfordshire &#8211; Biggleswade\" data-date=\"2020-03-16T12:29:20+00:00\">\n\n<div class=\"post-thumbnail-wrap  \">\n\t<div class=\"post-thumbnail\">\n\n\t\t<a href=\"http:\/\/www.investmentland.com\/fr\/project\/bedfordshire-biggleswade\/\" class=\"post-thumbnail-rollover layzr-bg\" target=\"\"  aria-label=\"Post image\"><img class=\"iso-lazy-load preload-me iso-lazy-load\" src=\"data:image\/svg+xml,%3Csvg%20xmlns%3D&#39;http%3A%2F%2Fwww.w3.org%2F2000%2Fsvg&#39;%20viewBox%3D&#39;0%200%20231%20231&#39;%2F%3E\" data-src=\"http:\/\/www.investmentland.com\/wp-content\/uploads\/2018\/11\/biggleswademapsmall11-231x231.jpg\" data-srcset=\"http:\/\/www.investmentland.com\/wp-content\/uploads\/2018\/11\/biggleswademapsmall11-231x231.jpg 231w\" alt=\"\" title=\"biggleswademapsmall11\" width=\"231\" height=\"231\"  \/><\/a><div class=\"project-links-container\"><a href=\"http:\/\/www.investmentland.com\/wp-content\/uploads\/2018\/11\/biggleswademapsmall11.jpg\" class=\"project-zoom dt-pswp-item dt-single-pswp-popup\" title=\"biggleswademapsmall11\" data-dt-img-description=\"\" data-large_image_width=\"350\" data-large_image_height=\"231\" aria-label=\"Portfolio zoom icon\"><span class=\"icon-portfolio-p203\"><\/span><\/a><a href=\" http:\/\/www.investmentland.com\/fr\/project\/bedfordshire-biggleswade\/\" target=\"\" class=\"project-details\" aria-label=\"Details link\"><span class=\"icon-portfolio-p205\"><\/span><\/a><\/div>\n\t<\/div>\n<\/div>\n\n\n<div class=\"post-entry-content\">\n\n\t<h3 class=\"entry-title\">\n\t\t<a href=\"http:\/\/www.investmentland.com\/fr\/project\/bedfordshire-biggleswade\/\" target=\"\" title=\"Bedfordshire &#8211; Biggleswade\" rel=\"bookmark\">Bedfordshire &#8211; Biggleswade<\/a>\n\t<\/h3>\n\n\t<div class=\"entry-meta portfolio-categories\"><span class=\"category-link\"><a href=\"http:\/\/www.investmentland.com\/fr\/project-category\/featured\/\" >featured<\/a><\/span><a class=\"author vcard\" href=\"http:\/\/www.investmentland.com\/fr\/author\/xanda\/\" title=\"Voir tous les articles par xanda\" rel=\"author\">Par <span class=\"fn\">xanda<\/span><\/a><a href=\"javascript:void(0);\" title=\"12:29  \" class=\"data-link\" rel=\"bookmark\"><time class=\"entry-date updated\" datetime=\"2020-03-16T12:29:20+00:00\">mars 16, 2020<\/time><\/a><\/div>\n\t<div class=\"entry-excerpt\"><p>Ce terrain est situ\u00e9 dans un emplacement exceptionnel, \u00e0 deux pas de Biggleswade, dans le Bedfordshire. Il se trouve directement sur la route de Londres, l&rsquo;A1-M, ce qui permet d&rsquo;acc\u00e9der facilement \u00e0 Londres et \u00e0 d&rsquo;autres grandes villes. Cette r\u00e9gion a d\u00e9j\u00e0 connu des projets r\u00e9sidentiels et commerciaux en pleine expansion au sein et autour&hellip;<\/p>\n<\/div>\n\t<a class=\" post-details details-type-link \" href=\" http:\/\/www.investmentland.com\/fr\/project\/bedfordshire-biggleswade\/ \" target=\"\">Read more<i class=\"dt-icon-the7-arrow-03\" aria-hidden=\"true\"><\/i><\/a>\n<\/div><\/article><\/div><\/div><!-- iso-container|iso-grid --><div class=\"paginator paginator-more-button\">\n\t\t\t\t<a class=\"button-load-more \" href=\"javascript:void(0);\" data-dt-page=\"1\" ><span class=\"stick\"><\/span><span class=\"stick\"><\/span><span class=\"stick\"><\/span><span class=\"button-caption\">Charger la suite<\/span><\/a>\n\t\t\t<\/div><\/div>[\/vc_column][\/vc_row]<\/p>\n","protected":false},"excerpt":{"rendered":"<p>[vc_row full_width=\u00a0\u00bbstretch_row\u00a0\u00bb][vc_column offset=\u00a0\u00bbvc_hidden-lg vc_hidden-md vc_hidden-sm vc_hidden-xs\u00a0\u00bb][\/vc_column][\/vc_row]<\/p>\n","protected":false},"author":1,"featured_media":0,"parent":0,"menu_order":0,"comment_status":"closed","ping_status":"closed","template":"template-portfolio-masonry.php","meta":[],"yoast_head":"<!-- This site is optimized with the Yoast SEO plugin v15.1 - https:\/\/yoast.com\/wordpress\/plugins\/seo\/ -->\n<title>TERRAINS DISPONIBLES - Investment Land<\/title>\n<meta name=\"robots\" content=\"index, follow, max-snippet:-1, max-image-preview:large, max-video-preview:-1\" \/>\n<link rel=\"canonical\" href=\"http:\/\/www.investmentland.com\/fr\/terrains-disponibles\/\" \/>\n<meta property=\"og:locale\" content=\"fr_FR\" \/>\n<meta property=\"og:type\" content=\"article\" \/>\n<meta property=\"og:title\" content=\"TERRAINS DISPONIBLES - Investment Land\" \/>\n<meta property=\"og:description\" content=\"[vc_row full_width=\u00a0\u00bbstretch_row\u00a0\u00bb][vc_column offset=\u00a0\u00bbvc_hidden-lg vc_hidden-md vc_hidden-sm vc_hidden-xs\u00a0\u00bb][\/vc_column][\/vc_row]\" \/>\n<meta property=\"og:url\" content=\"http:\/\/www.investmentland.com\/fr\/terrains-disponibles\/\" \/>\n<meta property=\"og:site_name\" content=\"Investment Land\" \/>\n<meta property=\"article:modified_time\" content=\"2020-04-01T16:35:28+00:00\" \/>\n<meta name=\"twitter:card\" content=\"summary_large_image\" \/>\n<script type=\"application\/ld+json\" class=\"yoast-schema-graph\">{\"@context\":\"https:\/\/schema.org\",\"@graph\":[{\"@type\":\"WebSite\",\"@id\":\"http:\/\/www.investmentland.com\/fr\/#website\",\"url\":\"http:\/\/www.investmentland.com\/fr\/\",\"name\":\"Investment Land\",\"description\":\"Strength to Strength\",\"potentialAction\":[{\"@type\":\"SearchAction\",\"target\":\"http:\/\/www.investmentland.com\/fr\/?s={search_term_string}\",\"query-input\":\"required name=search_term_string\"}],\"inLanguage\":\"fr-FR\"},{\"@type\":\"WebPage\",\"@id\":\"http:\/\/www.investmentland.com\/fr\/terrains-disponibles\/#webpage\",\"url\":\"http:\/\/www.investmentland.com\/fr\/terrains-disponibles\/\",\"name\":\"TERRAINS DISPONIBLES - Investment Land\",\"isPartOf\":{\"@id\":\"http:\/\/www.investmentland.com\/fr\/#website\"},\"datePublished\":\"2020-03-16T12:17:19+00:00\",\"dateModified\":\"2020-04-01T16:35:28+00:00\",\"inLanguage\":\"fr-FR\",\"potentialAction\":[{\"@type\":\"ReadAction\",\"target\":[\"http:\/\/www.investmentland.com\/fr\/terrains-disponibles\/\"]}]}]}<\/script>\n<!-- \/ Yoast SEO plugin. -->","_links":{"self":[{"href":"http:\/\/www.investmentland.com\/fr\/wp-json\/wp\/v2\/pages\/13222\/"}],"collection":[{"href":"http:\/\/www.investmentland.com\/fr\/wp-json\/wp\/v2\/pages\/"}],"about":[{"href":"http:\/\/www.investmentland.com\/fr\/wp-json\/wp\/v2\/types\/page\/"}],"author":[{"embeddable":true,"href":"http:\/\/www.investmentland.com\/fr\/wp-json\/wp\/v2\/users\/1\/"}],"replies":[{"embeddable":true,"href":"http:\/\/www.investmentland.com\/fr\/wp-json\/wp\/v2\/comments\/?post=13222"}],"version-history":[{"count":1,"href":"http:\/\/www.investmentland.com\/fr\/wp-json\/wp\/v2\/pages\/13222\/revisions\/"}],"predecessor-version":[{"id":13223,"href":"http:\/\/www.investmentland.com\/fr\/wp-json\/wp\/v2\/pages\/13222\/revisions\/13223\/"}],"wp:attachment":[{"href":"http:\/\/www.investmentland.com\/fr\/wp-json\/wp\/v2\/media\/?parent=13222"}],"curies":[{"name":"wp","href":"https:\/\/api.w.org\/{rel}","templated":true}]}}