{"id":13389,"date":"2020-06-18T01:50:54","date_gmt":"2020-06-18T01:50:54","guid":{"rendered":"http:\/\/www.investmentland.com\/investir-dans-un-terrain\/"},"modified":"2020-06-18T01:50:55","modified_gmt":"2020-06-18T01:50:55","slug":"investir-dans-un-terrain","status":"publish","type":"page","link":"http:\/\/www.investmentland.com\/fr\/investir-dans-un-terrain\/","title":{"rendered":"INVESTIR DANS UN TERRAIN"},"content":{"rendered":"<p>[vc_row css=\u00a0\u00bb.vc_custom_1540987705769{padding-top: 70px !important;padding-bottom: 25px !important;}\u00a0\u00bb][vc_column width=\u00a0\u00bb1\/2&Prime;]<div id=\"ultimate-heading-674569e3b92f69ac0\" class=\"uvc-heading ult-adjust-bottom-margin ultimate-heading-674569e3b92f69ac0 uvc-2251 \" data-hspacer=\"no_spacer\"  data-halign=\"left\" style=\"text-align:left\"><div class=\"uvc-heading-spacer no_spacer\" style=\"top\"><\/div><div class=\"uvc-main-heading ult-responsive\"  data-ultimate-target='.uvc-heading.ultimate-heading-674569e3b92f69ac0 h2'  data-responsive-json-new='{\"font-size\":\"desktop:18px;\",\"line-height\":\"desktop:28px;\"}' ><h2 style=\"font-family:&#039;Open Sans&#039;;font-weight:bold;margin-bottom:15px;\">investir dans un terrain <\/h2><\/div><\/div>[vc_column_text]<span style=\"color: #666666;\">Il est <strong>plus simple d&rsquo;investir dans un terrain<\/strong><\/span> que d&rsquo;acheter une maison. Avec Investment Land UK Ltd, le processus est <span style=\"color: #666666;\"><strong>encore plus clair.<\/strong><\/span>.<\/p>\n<p>Peu importe si vous venez de d\u00e9couvrir les avantages de l&rsquo;investissement dans un terrain ou si vous \u00eates d\u00e9j\u00e0 familier avec ce genre d&rsquo;investissement, nous ferons tout notre possible pour rendre le processus d&rsquo;achat aussi simple et agr\u00e9able que possible.[\/vc_column_text][\/vc_column][vc_column width=\u00a0\u00bb1\/2&Prime;]<div id=\"ultimate-heading-823669e3b92f69b4c\" class=\"uvc-heading ult-adjust-bottom-margin ultimate-heading-823669e3b92f69b4c uvc-7 \" data-hspacer=\"no_spacer\"  data-halign=\"left\" style=\"text-align:left\"><div class=\"uvc-heading-spacer no_spacer\" style=\"top\"><\/div><div class=\"uvc-main-heading ult-responsive\"  data-ultimate-target='.uvc-heading.ultimate-heading-823669e3b92f69b4c h2'  data-responsive-json-new='{\"font-size\":\"desktop:18px;\",\"line-height\":\"desktop:28px;\"}' ><h2 style=\"font-family:&#039;Open Sans&#039;;font-weight:bold;margin-bottom:15px;\">comment investir dans un terrain avec nous <\/h2><\/div><\/div>[vc_column_text]<strong>Vous trouverez ci-dessous un guide \u00e9tape par \u00e9tape sur comment investir dans un terrain avec nous :<\/strong>[\/vc_column_text]<div class=\"standard-arrow list-divider bullet-top\"><p lang=\"en-GB\"><span style=\"font-family: Times New Roman, serif;\"><span style=\"font-size: medium;\"><span style=\"color: #373737;\"><span style=\"font-family: Calibri, serif;\"><span style=\"font-size: large;\">1. S\u00e9lectionnez un site qui vous int\u00e9resse dans la section \u00ab\u00a0<\/span><\/span><\/span><span style=\"color: #373737;\"><span style=\"font-family: Calibri, serif;\"><span style=\"font-size: large;\"><b>Terrains disponibles<\/b><\/span><\/span><\/span><span style=\"color: #373737;\"><span style=\"font-family: Calibri, serif;\"><span style=\"font-size: large;\">\u00ab\u00a0<\/span><\/span><\/span><span style=\"color: #373737;\"><span style=\"font-family: Calibri, serif;\"><span style=\"font-size: large;\"><b>. <\/b><\/span><\/span><\/span><\/span><\/span><\/p>\n<p lang=\"en-GB\"><span style=\"font-family: Times New Roman, serif;\"><span style=\"font-size: medium;\"><span style=\"color: #373737;\"><span style=\"font-family: Calibri, serif;\"><span style=\"font-size: large;\">2. Contactez-nous en demandant une brochure ou prenez rendez-vous avec nous \u00e0 l&rsquo;heure et au jour qui vous conviennent. <\/span><\/span><\/span><\/span><\/span><\/p>\n<p lang=\"en-GB\"><span style=\"font-family: Times New Roman, serif;\"><span style=\"font-size: medium;\"><span style=\"color: #373737;\"><span style=\"font-family: Calibri, serif;\"><span style=\"font-size: large;\">3. Lors de votre visite chez nous, nous vous expliquerons tout ce qui concerne le site qui vous int\u00e9resse et nous vous emm\u00e8nerons le visiter en personne. Notre mission \u00e9tant de vous fournir le plus d&rsquo;informations possible et de r\u00e9pondre \u00e0 vos questions de la mani\u00e8re la plus compl\u00e8te possible. Vous serez toujours les bienvenus et nous vous encourageons \u00e0 mener vos propres recherches avant d&rsquo;investir. <\/span><\/span><\/span><\/span><\/span><\/p>\n<p lang=\"en-GB\"><span style=\"font-family: Times New Roman, serif;\"><span style=\"font-size: medium;\"><span style=\"color: #373737;\"><span style=\"font-family: Calibri, serif;\"><span style=\"font-size: large;\">4. Vous recevrez une liste des terrains disponibles (sous r\u00e9serve de modifications) et, une fois de retour dans nos bureaux, vous serez libre de finaliser votre r\u00e9servation et l&rsquo;achat du ou des terrains. Veuillez vous munir \u00e0 l&rsquo;avance de deux pi\u00e8ces d&rsquo;identit\u00e9.<\/span><\/span><\/span><\/span><\/span><\/p>\n<p class=\"western\" lang=\"en-GB\">\n<\/div>[\/vc_column][\/vc_row]<\/p>\n","protected":false},"excerpt":{"rendered":"<p>[vc_row css=\u00a0\u00bb.vc_custom_1540987705769{padding-top: 70px !important;padding-bottom: 25px !important;}\u00a0\u00bb][vc_column width=\u00a0\u00bb1\/2&Prime;][vc_column_text]Il est plus simple d&rsquo;investir dans un terrain que d&rsquo;acheter une maison. Avec Investment Land UK Ltd, le processus est encore plus clair.. Peu importe si vous venez de d\u00e9couvrir les avantages de l&rsquo;investissement dans un terrain ou si vous \u00eates d\u00e9j\u00e0 familier avec ce genre d&rsquo;investissement, nous ferons&hellip;<\/p>\n","protected":false},"author":1,"featured_media":0,"parent":0,"menu_order":0,"comment_status":"closed","ping_status":"closed","template":"","meta":[],"yoast_head":"<!-- This site is optimized with the Yoast SEO plugin v15.1 - https:\/\/yoast.com\/wordpress\/plugins\/seo\/ -->\n<title>INVESTIR DANS UN TERRAIN - Investment Land<\/title>\n<meta name=\"robots\" content=\"index, follow, max-snippet:-1, max-image-preview:large, max-video-preview:-1\" \/>\n<link rel=\"canonical\" href=\"http:\/\/www.investmentland.com\/fr\/investir-dans-un-terrain\/\" \/>\n<meta property=\"og:locale\" content=\"fr_FR\" \/>\n<meta property=\"og:type\" content=\"article\" \/>\n<meta property=\"og:title\" content=\"INVESTIR DANS UN TERRAIN - Investment Land\" \/>\n<meta property=\"og:description\" content=\"[vc_row css=\u00a0\u00bb.vc_custom_1540987705769{padding-top: 70px !important;padding-bottom: 25px !important;}\u00a0\u00bb][vc_column width=\u00a0\u00bb1\/2&Prime;][vc_column_text]Il est plus simple d&rsquo;investir dans un terrain que d&rsquo;acheter une maison. Avec Investment Land UK Ltd, le processus est encore plus clair.. Peu importe si vous venez de d\u00e9couvrir les avantages de l&rsquo;investissement dans un terrain ou si vous \u00eates d\u00e9j\u00e0 familier avec ce genre d&rsquo;investissement, nous ferons&hellip;\" \/>\n<meta property=\"og:url\" content=\"http:\/\/www.investmentland.com\/fr\/investir-dans-un-terrain\/\" \/>\n<meta property=\"og:site_name\" content=\"Investment Land\" \/>\n<meta property=\"article:modified_time\" content=\"2020-06-18T01:50:55+00:00\" \/>\n<meta name=\"twitter:card\" content=\"summary_large_image\" \/>\n<script type=\"application\/ld+json\" class=\"yoast-schema-graph\">{\"@context\":\"https:\/\/schema.org\",\"@graph\":[{\"@type\":\"WebSite\",\"@id\":\"http:\/\/www.investmentland.com\/fr\/#website\",\"url\":\"http:\/\/www.investmentland.com\/fr\/\",\"name\":\"Investment Land\",\"description\":\"Strength to Strength\",\"potentialAction\":[{\"@type\":\"SearchAction\",\"target\":\"http:\/\/www.investmentland.com\/fr\/?s={search_term_string}\",\"query-input\":\"required name=search_term_string\"}],\"inLanguage\":\"fr-FR\"},{\"@type\":\"WebPage\",\"@id\":\"http:\/\/www.investmentland.com\/fr\/investir-dans-un-terrain\/#webpage\",\"url\":\"http:\/\/www.investmentland.com\/fr\/investir-dans-un-terrain\/\",\"name\":\"INVESTIR DANS UN TERRAIN - Investment Land\",\"isPartOf\":{\"@id\":\"http:\/\/www.investmentland.com\/fr\/#website\"},\"datePublished\":\"2020-06-18T01:50:54+00:00\",\"dateModified\":\"2020-06-18T01:50:55+00:00\",\"inLanguage\":\"fr-FR\",\"potentialAction\":[{\"@type\":\"ReadAction\",\"target\":[\"http:\/\/www.investmentland.com\/fr\/investir-dans-un-terrain\/\"]}]}]}<\/script>\n<!-- \/ Yoast SEO plugin. -->","_links":{"self":[{"href":"http:\/\/www.investmentland.com\/fr\/wp-json\/wp\/v2\/pages\/13389\/"}],"collection":[{"href":"http:\/\/www.investmentland.com\/fr\/wp-json\/wp\/v2\/pages\/"}],"about":[{"href":"http:\/\/www.investmentland.com\/fr\/wp-json\/wp\/v2\/types\/page\/"}],"author":[{"embeddable":true,"href":"http:\/\/www.investmentland.com\/fr\/wp-json\/wp\/v2\/users\/1\/"}],"replies":[{"embeddable":true,"href":"http:\/\/www.investmentland.com\/fr\/wp-json\/wp\/v2\/comments\/?post=13389"}],"version-history":[{"count":1,"href":"http:\/\/www.investmentland.com\/fr\/wp-json\/wp\/v2\/pages\/13389\/revisions\/"}],"predecessor-version":[{"id":13390,"href":"http:\/\/www.investmentland.com\/fr\/wp-json\/wp\/v2\/pages\/13389\/revisions\/13390\/"}],"wp:attachment":[{"href":"http:\/\/www.investmentland.com\/fr\/wp-json\/wp\/v2\/media\/?parent=13389"}],"curies":[{"name":"wp","href":"https:\/\/api.w.org\/{rel}","templated":true}]}}