{"id":13391,"date":"2020-06-18T02:11:13","date_gmt":"2020-06-18T02:11:13","guid":{"rendered":"http:\/\/www.investmentland.com\/a-propos\/"},"modified":"2020-06-18T02:11:14","modified_gmt":"2020-06-18T02:11:14","slug":"a-propos","status":"publish","type":"page","link":"http:\/\/www.investmentland.com\/fr\/a-propos\/","title":{"rendered":"\u00c0 propos"},"content":{"rendered":"<p>[vc_row][vc_column css=\u00a0\u00bb.vc_custom_1540989698192{padding-bottom: 70px !important;}\u00a0\u00bb]<div class=\"dt-fancy-separator title-left text-small\" style=\"width: 100%;\"><div class=\"dt-fancy-title\"><span class=\"separator-holder separator-left\"><\/span>Qui nous sommes<span class=\"separator-holder separator-right\"><\/span><\/div><\/div>[vc_row_inner css=\u00a0\u00bb.vc_custom_1540989714573{padding-top: 30px !important;}\u00a0\u00bb][vc_column_inner][vc_column_text]<\/p>\n<p>\u00c0 propos d&rsquo;Investment Land UK LTD<br \/>Pour vous accompagner de \u00ab\u00a0Richesse en Richesse\u00a0\u00bb.<\/p>\n<p>Investment Land (UK) Ltd. vous remercie d&rsquo;avoir pris le temps de consulter notre site !<br \/>Cr\u00e9\u00e9e en 1999, Investment Land (UK) Ltd. propose des terrains \u00e0 vendre dans des emplacements strat\u00e9giques au Royaume-Uni. Notre objectif est d&rsquo;offrir aux investisseurs un investissement dans un emplacement strat\u00e9gique et ne n\u00e9cessitant que peu d&rsquo;entretien, dont la valeur augmentera progressivement et naturellement. Bien que nous ne puissions pas garantir quand ou si ces terrains feront l&rsquo;objet d&rsquo;un permis de construction, nous nous engageons \u00e0 vous proposer des sites au potentiel exceptionnel. Notre objectif ultime est de faire en sorte que nos clients tirent profit de leur investissement.<\/p>\n<p>Nous proposons des terrains situ\u00e9s dans des zones bien desservies par des routes, des voies ferr\u00e9es et des axes routiers principaux, et qui se trouvent \u00e0 l&rsquo;int\u00e9rieur ou \u00e0 proximit\u00e9 imm\u00e9diate d&rsquo;une ville, tout en \u00e9tant \u00e0 proximit\u00e9 imm\u00e9diate des services publics et des services.<br \/>Nous comptons peu de membres dans notre \u00e9quipe, mais ils sont efficaces et toujours pr\u00eats \u00e0 vous aider de quelque mani\u00e8re que ce soit. Nous n&#8217;employons pas de tactiques de vente sous pression et nous voulons que nos clients se sentent aussi \u00e0 l&rsquo;aise que possible tout en ayant tout le temps n\u00e9cessaire pour mener leur propre enqu\u00eate avant d&rsquo;investir.<br \/>Pour que cet investissement soit le moins stressant possible, nous proposons un plan de paiement flexible sur 5 ans, sans int\u00e9r\u00eat pendant toute la dur\u00e9e du contrat. Nous allons m\u00eame nous occuper de votre gazon !<br \/>Si vous souhaitez payer cette somme dans sa totalit\u00e9, vous pouvez le faire \u00e0 tout moment pendant la dur\u00e9e du contrat et faire transf\u00e9rer votre titre de propri\u00e9t\u00e9 (propri\u00e9t\u00e9) \u00e0 votre nom. Tous les terrains vendus sont en pleine propri\u00e9t\u00e9.<\/p>\n<p>[\/vc_column_text]<div class=\"dt-fancy-separator title-left text-small\" style=\"width: 100%;\"><div class=\"dt-fancy-title\"><span class=\"separator-holder separator-left\"><\/span>Notre exp\u00e9rience<span class=\"separator-holder separator-right\"><\/span><\/div><\/div>[vc_column_text css=\u00a0\u00bb.vc_custom_1584626407804{padding-top: 30px !important;padding-bottom: 25px !important;}\u00a0\u00bb]<\/p>\n<p>Nous avons pr\u00e9alablement inclus des r\u00e9f\u00e9rences \u00e0 des objectifs de logement que le(s) gouvernement(s) aurait(ont) \u00e9tablis pour mieux aider nos clients \u00e0 comprendre la topographie d&rsquo;un site donn\u00e9 et son potentiel. Toutefois, \u00e9tant donn\u00e9 les r\u00e9cents bouleversements concernant les plans du gouvernement, nous estimons qu&rsquo;il serait inappropri\u00e9 de promouvoir des id\u00e9es qui ne seront manifestement pas respect\u00e9es ou qui pourraient ne pas \u00eatre concr\u00e9tis\u00e9es \u00e0 l&rsquo;avenir. Il existe de nombreuses ressources en ligne que vous pouvez \u00e9galement consulter et que nous serions heureux de partager avec vous si vous le souhaitez.<br \/>Notre devise est la transparence totale pour permettre au client de voir par lui-m\u00eame ce qu&rsquo;il consid\u00e8re comme un investissement rentable. Notre \u00e9quipe conviviale fera de son mieux pour vous proposer un terrain qui s&rsquo;av\u00e8re \u00eatre un investissement profitable. Bien entendu, comme pour tout investissement, il y a toujours une part de sp\u00e9culation, et nous encourageons donc nos clients \u00e0 mener \u00e0 bien leurs enqu\u00eates au pr\u00e9alable.<br \/>Nous accompagnons toujours nos clients sur les sites qui les int\u00e9ressent et nous leur montrons l&#8217;emplacement, les environs et son potentiel, tout en leur communiquant le plus d&rsquo;informations possible sur le terrain lui-m\u00eame.<br \/>Si nous pouvons faire quoi que ce soit pour vous aider, soyez assur\u00e9s que nous le ferons &#8211; et n&rsquo;h\u00e9sitez pas \u00e0 nous le demander !<br \/>N&rsquo;h\u00e9sitez pas \u00e0 consulter les terrains disponibles d\u00e8s maintenant !<\/p>\n<p>[\/vc_column_text][\/vc_column_inner][\/vc_row_inner]<div class=\"dt-fancy-separator title-left text-small\" style=\"width: 100%;\"><div class=\"dt-fancy-title\"><span class=\"separator-holder separator-left\"><\/span>Pourquoi nous choisir<span class=\"separator-holder separator-right\"><\/span><\/div><\/div>[vc_empty_space height=\u00a0\u00bb30px\u00a0\u00bb]<div class=\"standard-number-list bullet-top\"><ul>\n<li>We have 17 years experience.<\/li>\n<li>Foreign investors welcome.<\/li>\n<li>Pay in full or over 5 years.<\/li>\n<li>We dont charge interest %.<\/li>\n<li>Our land is strategically located.<\/li>\n<\/ul>\n<\/div>[\/vc_column][\/vc_row]<\/p>\n","protected":false},"excerpt":{"rendered":"<p>[vc_row][vc_column css=\u00a0\u00bb.vc_custom_1540989698192{padding-bottom: 70px !important;}\u00a0\u00bb][vc_row_inner css=\u00a0\u00bb.vc_custom_1540989714573{padding-top: 30px !important;}\u00a0\u00bb][vc_column_inner][vc_column_text] \u00c0 propos d&rsquo;Investment Land UK LTDPour vous accompagner de \u00ab\u00a0Richesse en Richesse\u00a0\u00bb. Investment Land (UK) Ltd. vous remercie d&rsquo;avoir pris le temps de consulter notre site !Cr\u00e9\u00e9e en 1999, Investment Land (UK) Ltd. propose des terrains \u00e0 vendre dans des emplacements strat\u00e9giques au Royaume-Uni. Notre objectif est d&rsquo;offrir&hellip;<\/p>\n","protected":false},"author":1,"featured_media":0,"parent":0,"menu_order":0,"comment_status":"closed","ping_status":"closed","template":"","meta":[],"yoast_head":"<!-- This site is optimized with the Yoast SEO plugin v15.1 - https:\/\/yoast.com\/wordpress\/plugins\/seo\/ -->\n<title>\u00c0 propos - Investment Land<\/title>\n<meta name=\"robots\" content=\"index, follow, max-snippet:-1, max-image-preview:large, max-video-preview:-1\" \/>\n<link rel=\"canonical\" href=\"http:\/\/www.investmentland.com\/fr\/a-propos\/\" \/>\n<meta property=\"og:locale\" content=\"fr_FR\" \/>\n<meta property=\"og:type\" content=\"article\" \/>\n<meta property=\"og:title\" content=\"\u00c0 propos - Investment Land\" \/>\n<meta property=\"og:description\" content=\"[vc_row][vc_column css=\u00a0\u00bb.vc_custom_1540989698192{padding-bottom: 70px !important;}\u00a0\u00bb][vc_row_inner css=\u00a0\u00bb.vc_custom_1540989714573{padding-top: 30px !important;}\u00a0\u00bb][vc_column_inner][vc_column_text] \u00c0 propos d&rsquo;Investment Land UK LTDPour vous accompagner de \u00ab\u00a0Richesse en Richesse\u00a0\u00bb. Investment Land (UK) Ltd. vous remercie d&rsquo;avoir pris le temps de consulter notre site !Cr\u00e9\u00e9e en 1999, Investment Land (UK) Ltd. propose des terrains \u00e0 vendre dans des emplacements strat\u00e9giques au Royaume-Uni. Notre objectif est d&rsquo;offrir&hellip;\" \/>\n<meta property=\"og:url\" content=\"http:\/\/www.investmentland.com\/fr\/a-propos\/\" \/>\n<meta property=\"og:site_name\" content=\"Investment Land\" \/>\n<meta property=\"article:modified_time\" content=\"2020-06-18T02:11:14+00:00\" \/>\n<meta name=\"twitter:card\" content=\"summary_large_image\" \/>\n<script type=\"application\/ld+json\" class=\"yoast-schema-graph\">{\"@context\":\"https:\/\/schema.org\",\"@graph\":[{\"@type\":\"WebSite\",\"@id\":\"http:\/\/www.investmentland.com\/fr\/#website\",\"url\":\"http:\/\/www.investmentland.com\/fr\/\",\"name\":\"Investment Land\",\"description\":\"Strength to Strength\",\"potentialAction\":[{\"@type\":\"SearchAction\",\"target\":\"http:\/\/www.investmentland.com\/fr\/?s={search_term_string}\",\"query-input\":\"required name=search_term_string\"}],\"inLanguage\":\"fr-FR\"},{\"@type\":\"WebPage\",\"@id\":\"http:\/\/www.investmentland.com\/fr\/a-propos\/#webpage\",\"url\":\"http:\/\/www.investmentland.com\/fr\/a-propos\/\",\"name\":\"\\u00c0 propos - Investment Land\",\"isPartOf\":{\"@id\":\"http:\/\/www.investmentland.com\/fr\/#website\"},\"datePublished\":\"2020-06-18T02:11:13+00:00\",\"dateModified\":\"2020-06-18T02:11:14+00:00\",\"inLanguage\":\"fr-FR\",\"potentialAction\":[{\"@type\":\"ReadAction\",\"target\":[\"http:\/\/www.investmentland.com\/fr\/a-propos\/\"]}]}]}<\/script>\n<!-- \/ Yoast SEO plugin. -->","_links":{"self":[{"href":"http:\/\/www.investmentland.com\/fr\/wp-json\/wp\/v2\/pages\/13391\/"}],"collection":[{"href":"http:\/\/www.investmentland.com\/fr\/wp-json\/wp\/v2\/pages\/"}],"about":[{"href":"http:\/\/www.investmentland.com\/fr\/wp-json\/wp\/v2\/types\/page\/"}],"author":[{"embeddable":true,"href":"http:\/\/www.investmentland.com\/fr\/wp-json\/wp\/v2\/users\/1\/"}],"replies":[{"embeddable":true,"href":"http:\/\/www.investmentland.com\/fr\/wp-json\/wp\/v2\/comments\/?post=13391"}],"version-history":[{"count":1,"href":"http:\/\/www.investmentland.com\/fr\/wp-json\/wp\/v2\/pages\/13391\/revisions\/"}],"predecessor-version":[{"id":13392,"href":"http:\/\/www.investmentland.com\/fr\/wp-json\/wp\/v2\/pages\/13391\/revisions\/13392\/"}],"wp:attachment":[{"href":"http:\/\/www.investmentland.com\/fr\/wp-json\/wp\/v2\/media\/?parent=13391"}],"curies":[{"name":"wp","href":"https:\/\/api.w.org\/{rel}","templated":true}]}}